{"id":90,"date":"2013-08-11T19:06:15","date_gmt":"2013-08-11T19:06:15","guid":{"rendered":"http:\/\/localhost:8888\/test\/?page_id=520"},"modified":"2022-01-13T05:56:55","modified_gmt":"2022-01-13T05:56:55","slug":"about","status":"publish","type":"page","link":"https:\/\/superhomegym.com\/fr\/elements\/pages\/about\/","title":{"rendered":"About SHG"},"content":{"rendered":"<div class=\"banner has-hover has-parallax\" id=\"banner-1521181403\">\n          <div class=\"banner-inner fill\">\n        <div class=\"banner-bg fill\" data-parallax=\"-3\" data-parallax-container=\".banner\" data-parallax-background>\n            <img loading=\"lazy\" decoding=\"async\" width=\"1150\" height=\"300\" src=\"https:\/\/superhomegym.com\/wp-content\/uploads\/2022\/01\/Super-Home-Gym-About-Us.png\" class=\"bg attachment-original size-original\" alt=\"\" \/>                        <div class=\"overlay\"><\/div>            \n                    <\/div>\n\t\t\n        <div class=\"banner-layers container\">\n            <div class=\"fill banner-link\"><\/div>            \n\n   <div id=\"text-box-213446489\" class=\"text-box banner-layer x50 md-x50 lg-x50 y80 md-y80 lg-y80 res-text\">\n                                <div class=\"text-box-content text dark\">\n              \n              <div class=\"text-inner text-center\">\n                  \n\n<h1 class=\"lead\">About Super Home Gym<\/h1>\n<p class=\"lead\">&nbsp;<\/p>\n\n              <\/div>\n           <\/div>\n                            \n<style>\n#text-box-213446489 {\n  width: 60%;\n}\n#text-box-213446489 .text-box-content {\n  font-size: 100%;\n}\n<\/style>\n    <\/div>\n \n\n        <\/div>\n      <\/div>\n\n            \n<style>\n#banner-1521181403 {\n  padding-top: 507px;\n}\n#banner-1521181403 .overlay {\n  background-color: rgba(0, 0, 0, 0.49);\n}\n<\/style>\n  <\/div>\n\n\n<div class=\"row\"  id=\"row-761395397\">\n\n\n\t<div id=\"col-17133948\" class=\"col small-12 large-12\"  >\n\t\t\t\t<div class=\"col-inner\"  >\n\t\t\t\n\t\t\t\n\n<p class=\"lead text-center\"><strong>Super Home Gym<\/strong> is a site dedicated to offering the best Home Gym products for your gym at an affordable rate. Our products are sourced globally with a <strong>focus on<\/strong>&nbsp;<strong>quality<\/strong>,&nbsp;<strong>safety<\/strong>&nbsp;and&nbsp;<strong>pricing<\/strong>. We focus on <strong>Strength<\/strong>, <strong>Cardio<\/strong>, <strong>Functional Training<\/strong>, <strong>Boxing<\/strong> as well as&nbsp;<strong>Yoga <\/strong>products. We will keep on adding more great products and variations for all our products so please continue to visit our store for more great gym products.<\/p>\n<div class=\"text-center\"><div class=\"is-divider divider clearfix\" ><\/div><\/div>\n\n\n  \n    <div class=\"row large-columns-5 medium-columns-3 small-columns-2 row-small slider row-slider slider-nav-simple slider-nav-outside\"  data-flickity-options='{&quot;imagesLoaded&quot;: true, &quot;groupCells&quot;: &quot;100%&quot;, &quot;dragThreshold&quot; : 5, &quot;cellAlign&quot;: &quot;left&quot;,&quot;wrapAround&quot;: true,&quot;prevNextButtons&quot;: true,&quot;percentPosition&quot;: true,&quot;pageDots&quot;: false, &quot;rightToLeft&quot;: false, &quot;autoPlay&quot; : false}' >\n\n  <div class=\"product-category col\" >\n            <div class=\"col-inner\">\n              <a aria-label=\"Acc\u00e9der \u00e0 la cat\u00e9gorie de produits Boxing\" href=\"https:\/\/superhomegym.com\/fr\/categorie-produit\/boxing\/\" data-no-translation-aria-label=\"\">                <div class=\"box box-category has-hover box-overlay dark box-text-middle\">\n                <div class=\"box-image\" style=\"border-radius:100%;\">\n                  <div class=\"image-overlay-remove-50 image-zoom image-cover\" style=\"padding-top:100%;\">\n                  <img loading=\"lazy\" decoding=\"async\" src=\"https:\/\/superhomegym.com\/wp-content\/uploads\/2022\/01\/Category-Boxing-1-300x300.png\" alt=\"Boxing\" width=\"300\" height=\"300\" \/>                  <div class=\"overlay\" style=\"background-color: rgba(0, 0, 0, 0.19)\"><\/div>                                    <\/div>\n                <\/div>\n                <div class=\"box-text show-on-hover hover-bounce text-center is-large\" >\n                  <div class=\"box-text-inner\">\n                      <h5 class=\"uppercase header-title\">\n                              Boxing                      <\/h5>\n                                            <p class=\"is-xsmall uppercase count show-on-hover hover-reveal reveal-small\">\n\t                      15 Produits                      <\/p>\n                                            \n                  <\/div>\n                <\/div>\n                <\/div>\n            <\/a>            <\/div>\n            <\/div><div class=\"product-category col\" >\n            <div class=\"col-inner\">\n              <a aria-label=\"Acc\u00e9der \u00e0 la cat\u00e9gorie de produits Cardio\" href=\"https:\/\/superhomegym.com\/fr\/categorie-produit\/cardio\/\" data-no-translation-aria-label=\"\">                <div class=\"box box-category has-hover box-overlay dark box-text-middle\">\n                <div class=\"box-image\" style=\"border-radius:100%;\">\n                  <div class=\"image-overlay-remove-50 image-zoom image-cover\" style=\"padding-top:100%;\">\n                  <img loading=\"lazy\" decoding=\"async\" src=\"https:\/\/superhomegym.com\/wp-content\/uploads\/2022\/01\/Category-Cardio-1-300x300.png\" alt=\"Cardio\" width=\"300\" height=\"300\" \/>                  <div class=\"overlay\" style=\"background-color: rgba(0, 0, 0, 0.19)\"><\/div>                                    <\/div>\n                <\/div>\n                <div class=\"box-text show-on-hover hover-bounce text-center is-large\" >\n                  <div class=\"box-text-inner\">\n                      <h5 class=\"uppercase header-title\">\n                              Cardio                      <\/h5>\n                                            <p class=\"is-xsmall uppercase count show-on-hover hover-reveal reveal-small\">\n\t                      160 Produits                      <\/p>\n                                            \n                  <\/div>\n                <\/div>\n                <\/div>\n            <\/a>            <\/div>\n            <\/div><div class=\"product-category col\" >\n            <div class=\"col-inner\">\n              <a aria-label=\"Acc\u00e9der \u00e0 la cat\u00e9gorie de produits Functional Training\" href=\"https:\/\/superhomegym.com\/fr\/categorie-produit\/functional-training\/\" data-no-translation-aria-label=\"\">                <div class=\"box box-category has-hover box-overlay dark box-text-middle\">\n                <div class=\"box-image\" style=\"border-radius:100%;\">\n                  <div class=\"image-overlay-remove-50 image-zoom image-cover\" style=\"padding-top:100%;\">\n                  <img loading=\"lazy\" decoding=\"async\" src=\"https:\/\/superhomegym.com\/wp-content\/uploads\/2022\/01\/Category-Functional-Training-300x300.png\" alt=\"Functional Training\" width=\"300\" height=\"300\" \/>                  <div class=\"overlay\" style=\"background-color: rgba(0, 0, 0, 0.19)\"><\/div>                                    <\/div>\n                <\/div>\n                <div class=\"box-text show-on-hover hover-bounce text-center is-large\" >\n                  <div class=\"box-text-inner\">\n                      <h5 class=\"uppercase header-title\">\n                              Functional Training                      <\/h5>\n                                            <p class=\"is-xsmall uppercase count show-on-hover hover-reveal reveal-small\">\n\t                      131 Produits                      <\/p>\n                                            \n                  <\/div>\n                <\/div>\n                <\/div>\n            <\/a>            <\/div>\n            <\/div><div class=\"product-category col\" >\n            <div class=\"col-inner\">\n              <a aria-label=\"Acc\u00e9der \u00e0 la cat\u00e9gorie de produits Strength\" href=\"https:\/\/superhomegym.com\/fr\/categorie-produit\/strength\/\" data-no-translation-aria-label=\"\">                <div class=\"box box-category has-hover box-overlay dark box-text-middle\">\n                <div class=\"box-image\" style=\"border-radius:100%;\">\n                  <div class=\"image-overlay-remove-50 image-zoom image-cover\" style=\"padding-top:100%;\">\n                  <img loading=\"lazy\" decoding=\"async\" src=\"https:\/\/superhomegym.com\/wp-content\/uploads\/2022\/01\/Category-Strength-300x300.png\" alt=\"Strength\" width=\"300\" height=\"300\" \/>                  <div class=\"overlay\" style=\"background-color: rgba(0, 0, 0, 0.19)\"><\/div>                                    <\/div>\n                <\/div>\n                <div class=\"box-text show-on-hover hover-bounce text-center is-large\" >\n                  <div class=\"box-text-inner\">\n                      <h5 class=\"uppercase header-title\">\n                              Strength                      <\/h5>\n                                            <p class=\"is-xsmall uppercase count show-on-hover hover-reveal reveal-small\">\n\t                      346 Produits                      <\/p>\n                                            \n                  <\/div>\n                <\/div>\n                <\/div>\n            <\/a>            <\/div>\n            <\/div><div class=\"product-category col\" >\n            <div class=\"col-inner\">\n              <a aria-label=\"Acc\u00e9der \u00e0 la cat\u00e9gorie de produits Yoga\" href=\"https:\/\/superhomegym.com\/fr\/categorie-produit\/yoga\/\" data-no-translation-aria-label=\"\">                <div class=\"box box-category has-hover box-overlay dark box-text-middle\">\n                <div class=\"box-image\" style=\"border-radius:100%;\">\n                  <div class=\"image-overlay-remove-50 image-zoom image-cover\" style=\"padding-top:100%;\">\n                  <img loading=\"lazy\" decoding=\"async\" src=\"https:\/\/superhomegym.com\/wp-content\/uploads\/2022\/01\/Category-Yoga-2-300x300.png\" alt=\"Yoga\" width=\"300\" height=\"300\" \/>                  <div class=\"overlay\" style=\"background-color: rgba(0, 0, 0, 0.19)\"><\/div>                                    <\/div>\n                <\/div>\n                <div class=\"box-text show-on-hover hover-bounce text-center is-large\" >\n                  <div class=\"box-text-inner\">\n                      <h5 class=\"uppercase header-title\">\n                              Yoga                      <\/h5>\n                                            <p class=\"is-xsmall uppercase count show-on-hover hover-reveal reveal-small\">\n\t                      3 Produits                      <\/p>\n                                            \n                  <\/div>\n                <\/div>\n                <\/div>\n            <\/a>            <\/div>\n            <\/div><\/div>\n\n\n\t\t<\/div>\n\t\t\t\t\t<\/div>\n\n\t\n\n<\/div>","protected":false},"excerpt":{"rendered":"","protected":false},"author":1,"featured_media":16,"parent":51,"menu_order":0,"comment_status":"closed","ping_status":"closed","template":"page-transparent-header-light.php","meta":{"content-type":"","footnotes":""},"class_list":["post-90","page","type-page","status-publish","has-post-thumbnail","hentry"],"yoast_head":"<!-- This site is optimized with the Yoast SEO plugin v27.0 - https:\/\/yoast.com\/product\/yoast-seo-wordpress\/ -->\n<title>About SHG - Super Home Gym<\/title>\n<meta name=\"robots\" content=\"index, follow, max-snippet:-1, max-image-preview:large, max-video-preview:-1\" \/>\n<link rel=\"canonical\" href=\"https:\/\/superhomegym.com\/fr\/elements\/pages\/about\/\" \/>\n<meta property=\"og:locale\" content=\"fr_FR\" \/>\n<meta property=\"og:type\" content=\"article\" \/>\n<meta property=\"og:title\" content=\"About SHG - Super Home Gym\" \/>\n<meta property=\"og:url\" content=\"https:\/\/superhomegym.com\/fr\/elements\/pages\/about\/\" \/>\n<meta property=\"og:site_name\" content=\"Super Home Gym\" \/>\n<meta property=\"article:modified_time\" content=\"2022-01-13T05:56:55+00:00\" \/>\n<meta property=\"og:image\" content=\"https:\/\/superhomegym.com\/wp-content\/uploads\/2016\/08\/dummy-1.jpg\" \/>\n\t<meta property=\"og:image:width\" content=\"400\" \/>\n\t<meta property=\"og:image:height\" content=\"260\" \/>\n\t<meta property=\"og:image:type\" content=\"image\/jpeg\" \/>\n<meta name=\"twitter:card\" content=\"summary_large_image\" \/>\n<meta name=\"twitter:label1\" content=\"Dur\u00e9e de lecture estim\u00e9e\" \/>\n\t<meta name=\"twitter:data1\" content=\"1 minute\" \/>\n<script type=\"application\/ld+json\" class=\"yoast-schema-graph\">{\"@context\":\"https:\/\/schema.org\",\"@graph\":[{\"@type\":\"WebPage\",\"@id\":\"https:\/\/superhomegym.com\/elements\/pages\/about\/\",\"url\":\"https:\/\/superhomegym.com\/elements\/pages\/about\/\",\"name\":\"About SHG - Super Home Gym\",\"isPartOf\":{\"@id\":\"https:\/\/superhomegym.com\/#website\"},\"primaryImageOfPage\":{\"@id\":\"https:\/\/superhomegym.com\/elements\/pages\/about\/#primaryimage\"},\"image\":{\"@id\":\"https:\/\/superhomegym.com\/elements\/pages\/about\/#primaryimage\"},\"thumbnailUrl\":\"https:\/\/superhomegym.com\/wp-content\/uploads\/2016\/08\/dummy-1.jpg\",\"datePublished\":\"2013-08-11T19:06:15+00:00\",\"dateModified\":\"2022-01-13T05:56:55+00:00\",\"breadcrumb\":{\"@id\":\"https:\/\/superhomegym.com\/elements\/pages\/about\/#breadcrumb\"},\"inLanguage\":\"fr-FR\",\"potentialAction\":[{\"@type\":\"ReadAction\",\"target\":[\"https:\/\/superhomegym.com\/elements\/pages\/about\/\"]}]},{\"@type\":\"ImageObject\",\"inLanguage\":\"fr-FR\",\"@id\":\"https:\/\/superhomegym.com\/elements\/pages\/about\/#primaryimage\",\"url\":\"https:\/\/superhomegym.com\/wp-content\/uploads\/2016\/08\/dummy-1.jpg\",\"contentUrl\":\"https:\/\/superhomegym.com\/wp-content\/uploads\/2016\/08\/dummy-1.jpg\",\"width\":400,\"height\":260},{\"@type\":\"BreadcrumbList\",\"@id\":\"https:\/\/superhomegym.com\/elements\/pages\/about\/#breadcrumb\",\"itemListElement\":[{\"@type\":\"ListItem\",\"position\":1,\"name\":\"Home\",\"item\":\"https:\/\/superhomegym.com\/\"},{\"@type\":\"ListItem\",\"position\":2,\"name\":\"Elements\",\"item\":\"https:\/\/darkorange-lark-330723.hostingersite.com\/elements\/\"},{\"@type\":\"ListItem\",\"position\":3,\"name\":\"Pages\",\"item\":\"https:\/\/darkorange-lark-330723.hostingersite.com\/elements\/pages\/\"},{\"@type\":\"ListItem\",\"position\":4,\"name\":\"About SHG\"}]},{\"@type\":\"WebSite\",\"@id\":\"https:\/\/superhomegym.com\/#website\",\"url\":\"https:\/\/superhomegym.com\/\",\"name\":\"Super Home Gym\",\"description\":\"Home Gym gear for the perfect home workout\",\"potentialAction\":[{\"@type\":\"SearchAction\",\"target\":{\"@type\":\"EntryPoint\",\"urlTemplate\":\"https:\/\/superhomegym.com\/?s={search_term_string}\"},\"query-input\":{\"@type\":\"PropertyValueSpecification\",\"valueRequired\":true,\"valueName\":\"search_term_string\"}}],\"inLanguage\":\"fr-FR\"}]}<\/script>\n<!-- \/ Yoast SEO plugin. -->","yoast_head_json":{"title":"About SHG - Super Home Gym","robots":{"index":"index","follow":"follow","max-snippet":"max-snippet:-1","max-image-preview":"max-image-preview:large","max-video-preview":"max-video-preview:-1"},"canonical":"https:\/\/superhomegym.com\/fr\/elements\/pages\/about\/","og_locale":"fr_FR","og_type":"article","og_title":"About SHG - Super Home Gym","og_url":"https:\/\/superhomegym.com\/fr\/elements\/pages\/about\/","og_site_name":"Super Home Gym","article_modified_time":"2022-01-13T05:56:55+00:00","og_image":[{"width":400,"height":260,"url":"https:\/\/superhomegym.com\/wp-content\/uploads\/2016\/08\/dummy-1.jpg","type":"image\/jpeg"}],"twitter_card":"summary_large_image","twitter_misc":{"Dur\u00e9e de lecture estim\u00e9e":"1 minute"},"schema":{"@context":"https:\/\/schema.org","@graph":[{"@type":"WebPage","@id":"https:\/\/superhomegym.com\/elements\/pages\/about\/","url":"https:\/\/superhomegym.com\/elements\/pages\/about\/","name":"About SHG - Super Home Gym","isPartOf":{"@id":"https:\/\/superhomegym.com\/#website"},"primaryImageOfPage":{"@id":"https:\/\/superhomegym.com\/elements\/pages\/about\/#primaryimage"},"image":{"@id":"https:\/\/superhomegym.com\/elements\/pages\/about\/#primaryimage"},"thumbnailUrl":"https:\/\/superhomegym.com\/wp-content\/uploads\/2016\/08\/dummy-1.jpg","datePublished":"2013-08-11T19:06:15+00:00","dateModified":"2022-01-13T05:56:55+00:00","breadcrumb":{"@id":"https:\/\/superhomegym.com\/elements\/pages\/about\/#breadcrumb"},"inLanguage":"fr-FR","potentialAction":[{"@type":"ReadAction","target":["https:\/\/superhomegym.com\/elements\/pages\/about\/"]}]},{"@type":"ImageObject","inLanguage":"fr-FR","@id":"https:\/\/superhomegym.com\/elements\/pages\/about\/#primaryimage","url":"https:\/\/superhomegym.com\/wp-content\/uploads\/2016\/08\/dummy-1.jpg","contentUrl":"https:\/\/superhomegym.com\/wp-content\/uploads\/2016\/08\/dummy-1.jpg","width":400,"height":260},{"@type":"BreadcrumbList","@id":"https:\/\/superhomegym.com\/elements\/pages\/about\/#breadcrumb","itemListElement":[{"@type":"ListItem","position":1,"name":"Home","item":"https:\/\/superhomegym.com\/"},{"@type":"ListItem","position":2,"name":"Elements","item":"https:\/\/darkorange-lark-330723.hostingersite.com\/elements\/"},{"@type":"ListItem","position":3,"name":"Pages","item":"https:\/\/darkorange-lark-330723.hostingersite.com\/elements\/pages\/"},{"@type":"ListItem","position":4,"name":"About SHG"}]},{"@type":"WebSite","@id":"https:\/\/superhomegym.com\/#website","url":"https:\/\/superhomegym.com\/","name":"Super Home Gym","description":"Home Gym gear for the perfect home workout","potentialAction":[{"@type":"SearchAction","target":{"@type":"EntryPoint","urlTemplate":"https:\/\/superhomegym.com\/?s={search_term_string}"},"query-input":{"@type":"PropertyValueSpecification","valueRequired":true,"valueName":"search_term_string"}}],"inLanguage":"fr-FR"}]}},"_links":{"self":[{"href":"https:\/\/superhomegym.com\/fr\/wp-json\/wp\/v2\/pages\/90","targetHints":{"allow":["GET"]}}],"collection":[{"href":"https:\/\/superhomegym.com\/fr\/wp-json\/wp\/v2\/pages"}],"about":[{"href":"https:\/\/superhomegym.com\/fr\/wp-json\/wp\/v2\/types\/page"}],"author":[{"embeddable":true,"href":"https:\/\/superhomegym.com\/fr\/wp-json\/wp\/v2\/users\/1"}],"replies":[{"embeddable":true,"href":"https:\/\/superhomegym.com\/fr\/wp-json\/wp\/v2\/comments?post=90"}],"version-history":[{"count":0,"href":"https:\/\/superhomegym.com\/fr\/wp-json\/wp\/v2\/pages\/90\/revisions"}],"up":[{"embeddable":true,"href":"https:\/\/superhomegym.com\/fr\/wp-json\/wp\/v2\/pages\/51"}],"wp:featuredmedia":[{"embeddable":true,"href":"https:\/\/superhomegym.com\/fr\/wp-json\/wp\/v2\/media\/16"}],"wp:attachment":[{"href":"https:\/\/superhomegym.com\/fr\/wp-json\/wp\/v2\/media?parent=90"}],"curies":[{"name":"wp","href":"https:\/\/api.w.org\/{rel}","templated":true}]}}